{"id":24,"date":"2023-11-24T23:32:08","date_gmt":"2023-11-24T23:32:08","guid":{"rendered":"https:\/\/soumen.net\/service\/"},"modified":"2023-11-25T15:57:30","modified_gmt":"2023-11-25T15:57:30","slug":"service","status":"publish","type":"page","link":"https:\/\/soumen.net\/en\/service\/","title":{"rendered":"Services"},"content":{"rendered":"<p>Whether you are a producer looking for diverse talented people for your project, or an extra looking for filming, the \u0160oumen team will help you with that.<\/p>\n\n\n\n<p>The \u0160oumen team consists of casting directors with many years of experience in the field of casting, we are known for the service of selecting extras for your project (advertisement, TV series or film) as well as assisting the directing sector in the coordination of extras on the set.<\/p>\n\n\n\n<p>If we don't have a person in our database that meets your requirements, we will be happy to go out on the street and find them!<\/p>\n\n\n\n<p>In our studio, you can do the casting yourself, or hire our team to do it for you.<\/p>\n\n\n\n<p>In addition to the above services, we are able to help you organize an online casting...<\/p>\n\n\n\n<p><\/p>","protected":false},"excerpt":{"rendered":"<p>Bilo da ste producent u potrazi za raznolikim talentovanim ljudima za va\u0161 projekat, ili ste statista u potrazi za snimanjima \u0160oumen tim \u0107e vam u tome pomo\u0107i. \u0160oumen tim \u010dine kasting direktori sa vi\u0161egodisnjim iskustvom u oblasti kastinga, prepoznatljivi smo da pored usluge odabira statista za va\u0161 projekat ( reklamu, tv seriju ili film ) [&hellip;]<\/p>\n","protected":false},"author":0,"featured_media":0,"parent":0,"menu_order":0,"comment_status":"closed","ping_status":"closed","template":"","meta":{"footnotes":""},"class_list":["post-24","page","type-page","status-publish","hentry"],"_links":{"self":[{"href":"https:\/\/soumen.net\/en\/wp-json\/wp\/v2\/pages\/24","targetHints":{"allow":["GET"]}}],"collection":[{"href":"https:\/\/soumen.net\/en\/wp-json\/wp\/v2\/pages"}],"about":[{"href":"https:\/\/soumen.net\/en\/wp-json\/wp\/v2\/types\/page"}],"replies":[{"embeddable":true,"href":"https:\/\/soumen.net\/en\/wp-json\/wp\/v2\/comments?post=24"}],"version-history":[{"count":1,"href":"https:\/\/soumen.net\/en\/wp-json\/wp\/v2\/pages\/24\/revisions"}],"predecessor-version":[{"id":123,"href":"https:\/\/soumen.net\/en\/wp-json\/wp\/v2\/pages\/24\/revisions\/123"}],"wp:attachment":[{"href":"https:\/\/soumen.net\/en\/wp-json\/wp\/v2\/media?parent=24"}],"curies":[{"name":"wp","href":"https:\/\/api.w.org\/{rel}","templated":true}]}}